{"id":1816,"date":"2026-01-05T14:11:27","date_gmt":"2026-01-05T14:11:27","guid":{"rendered":"http:\/\/hdmf-consulting.com\/about\/"},"modified":"2026-04-07T23:18:31","modified_gmt":"2026-04-07T23:18:31","slug":"about","status":"publish","type":"page","link":"https:\/\/hdmf-consulting.com\/fr\/about\/","title":{"rendered":"About"},"content":{"rendered":"<div class=\"wp-block-uagb-container uagb-block-a547bfb9 alignfull uagb-is-root-container\"><div class=\"uagb-container__shape uagb-container__shape-bottom uagb-container__shape-flip uagb-container__invert\" data-negative=\"false\"><svg xmlns=\"https:\/\/www.w3.org\/2000\/svg\" viewbox=\"0 0 1000 100\" preserveaspectratio=\"none\"><path class=\"uagb-container__shape-fill\" d=\"M421.9,6.5c22.6-2.5,51.5,0.4,75.5,5.3c23.6,4.9,70.9,23.5,100.5,35.7c75.8,32.2,133.7,44.5,192.6,49.7  c23.6,2.1,48.7,3.5,103.4-2.5c54.7-6,106.2-25.6,106.2-25.6V0H0v30.3c0,0,72,32.6,158.4,30.5c39.2-0.7,92.8-6.7,134-22.4  c21.2-8.1,52.2-18.2,79.7-24.2C399.3,7.9,411.6,7.5,421.9,6.5z\"><\/path><\/svg><\/div><div class=\"uagb-container-inner-blocks-wrap\">\n<div class=\"wp-block-uagb-advanced-heading uagb-block-447481e4\"><div class=\"uagb-heading-text\">Nous mettons \u00e0 disposition une expertise scientifique et d\u2019ing\u00e9nierie de haut niveau pour les projets o\u00f9 la fiabilit\u00e9 technique, la justesse de l\u2019analyse et une ex\u00e9cution rigoureuse sont d\u00e9terminantes. HDMF-EC accompagne ses clients dans la r\u00e9ponse \u00e0 des probl\u00e9matiques complexes li\u00e9es \u00e0 l\u2019eau, au moyen d\u2019une approche professionnelle, pr\u00e9cise et orient\u00e9e vers la d\u00e9cision.<br><\/div><\/div>\n\n\n\n<div class=\"wp-block-uagb-advanced-heading uagb-block-cfdae1c4\"><\/div>\n\n\n\n<div class=\"wp-block-uagb-container uagb-block-0032df72\"><\/div>\n<\/div><\/div>\n\n\n\n<div class=\"wp-block-uagb-container uagb-block-79fe9ef2 alignfull uagb-is-root-container\"><div class=\"uagb-container-inner-blocks-wrap\">\n<div class=\"wp-block-uagb-advanced-heading uagb-block-5e7c71a3\"><h2 class=\"uagb-heading-text\">Notre mani\u00e8re de travailler<\/h2><\/div>\n\n\n\n<div class=\"wp-block-uagb-advanced-heading uagb-block-d1e05c15\"><div class=\"uagb-heading-text\">Nous travaillons avec rigueur, clart\u00e9 et un souci constant de l\u2019utilit\u00e9 pratique.<br>Notre approche s\u2019appuie sur des m\u00e9thodes robustes, un raisonnement rigoureux et une communication claire \u00e0 chaque \u00e9tape de la mission. Selon nous, l\u2019expertise technique d\u00e9ploie pleinement sa valeur lorsqu\u2019elle aboutit \u00e0 des conclusions intelligibles, orient\u00e9es vers la d\u00e9cision et \u00e9troitement li\u00e9es aux r\u00e9alit\u00e9s du projet.<br>Au-del\u00e0 de la profondeur analytique, nous accordons une importance particuli\u00e8re \u00e0 la r\u00e9activit\u00e9, \u00e0 la rigueur dans l\u2019ex\u00e9cution et au respect des contraintes du projet. Cela est essentiel pour les clients qui ont besoin de plus qu\u2019une expertise isol\u00e9e : ils recherchent un consultant capable de travailler avec s\u00e9rieux dans le respect des r\u00e9alit\u00e9s de d\u00e9lai, de co\u00fbt et de coordination.<\/div><\/div>\n<\/div><\/div>\n\n\n\n<div class=\"wp-block-uagb-container uagb-block-e68f53ac alignfull uagb-is-root-container\"><div class=\"uagb-container-inner-blocks-wrap\">\n<div class=\"wp-block-uagb-advanced-heading uagb-block-6b2216af\"><h2 class=\"uagb-heading-text\">Les raisons pour lesquelles nos clients nous font confiance<\/h2><\/div>\n\n\n\n<div class=\"wp-block-uagb-advanced-heading uagb-block-ac241dc7\"><div class=\"uagb-heading-text\">Nos clients font appel \u00e0 nous pour des prestations fond\u00e9es sur des analyses solides, des conclusions claires et une ex\u00e9cution fiable.<br>Ils font appel \u00e0 HDMF-EC lorsque les questions techniques exigent une interpr\u00e9tation rigoureuse, lorsque des choix importants doivent \u00eatre \u00e9tay\u00e9s par des \u00e9l\u00e9ments cr\u00e9dibles, et lorsque les \u00e9quipes projet ont besoin d\u2019\u00e9tudes et de conseils sur lesquels elles peuvent s\u2019appuyer en toute confiance. Notre contribution consiste \u00e0 apporter de la structure, du discernement et de la solidit\u00e9 technique \u00e0 des d\u00e9cisions qui ne peuvent \u00eatre abord\u00e9es \u00e0 la l\u00e9g\u00e8re.<\/div><\/div>\n<\/div><\/div>\n\n\n\n<div class=\"wp-block-uagb-container uagb-block-01c340bf alignfull uagb-is-root-container\"><div class=\"uagb-container-inner-blocks-wrap\">\n<div class=\"wp-block-uagb-advanced-heading uagb-block-8186aba7\"><h2 class=\"uagb-heading-text\">Qualit\u00e9 et exigences professionnelles<\/h2><\/div>\n\n\n\n<div class=\"wp-block-uagb-advanced-heading uagb-block-05e3c3b6\"><div class=\"uagb-heading-text\">La qualit\u00e9 est au c\u0153ur de notre mani\u00e8re de travailler.<br>Pour nous, la qualit\u00e9 commence par la mani\u00e8re dont un probl\u00e8me est pos\u00e9, se prolonge dans la rigueur de l\u2019analyse, et se confirme par la clart\u00e9 de l\u2019interpr\u00e9tation ainsi que par l\u2019utilit\u00e9 du livrable final. Nous consid\u00e9rons qu\u2019un travail technique ne cr\u00e9e une valeur r\u00e9elle que s\u2019il repose sur une m\u00e9thode solide, une formulation soign\u00e9e et une utilit\u00e9 directe pour le client.<br>Cette exigence vaut \u00e9galement pour la conduite des missions, men\u00e9e avec professionnalisme, constance et respect des engagements, depuis les premiers \u00e9changes jusqu\u2019\u00e0 la remise finale.<\/div><\/div>\n<\/div><\/div>\n\n\n\n<div class=\"wp-block-uagb-container uagb-block-a6e77221 alignfull uagb-is-root-container\"><div class=\"uagb-container-inner-blocks-wrap\">\n<div class=\"wp-block-uagb-advanced-heading uagb-block-fbcaeee7\"><h2 class=\"uagb-heading-text\">Finalit\u00e9 plus large \u2013 perspective environnementale<br><\/h2><\/div>\n\n\n\n<div class=\"wp-block-uagb-advanced-heading uagb-block-b5a9d037\"><div class=\"uagb-heading-text\">Les syst\u00e8mes sur lesquels nous travaillons sont souvent \u00e9troitement li\u00e9s \u00e0 la performance environnementale \u00e0 long terme, \u00e0 la r\u00e9silience des infrastructures et, plus largement, aux enjeux d\u2019int\u00e9r\u00eat g\u00e9n\u00e9ral.<br>Nous abordons donc notre travail dans une perspective de long terme, en veillant \u00e0 soutenir des d\u00e9cisions qui soient non seulement techniquement solides, mais \u00e9galement durables au sens large, en mati\u00e8re de p\u00e9rennit\u00e9 des projets, de compr\u00e9hension environnementale et de d\u00e9veloppement responsable dans le temps.<\/div><\/div>\n<\/div><\/div>\n\n\n\n<div class=\"wp-block-uagb-separator uagb-block-e776f660\"><div class=\"uagb-separator-spacing-wrapper\"><div class=\"wp-block-uagb-separator__inner\" style=\"--my-background-image:\"><\/div><\/div><\/div>\n\n\n\n<style>\n.hdmf-closing-section {\n  background: #F7FAFC;\n  padding: 104px 24px 110px;\n  font-family: 'Poppins', sans-serif;\n}\n\n.hdmf-closing-wrap {\n  max-width: 1180px;\n  margin: 0 auto;\n}\n\n.hdmf-closing-eyebrow {\n  margin: 0 0 12px 0;\n  font-size: 13px;\n  line-height: 1.2;\n  font-weight: 600;\n  letter-spacing: 0.12em;\n  text-transform: uppercase;\n  color: #2E5E88;\n}\n\n.hdmf-closing-title {\n  margin: 0 0 20px 0;\n  max-width: 760px;\n  font-size: 44px;\n  line-height: 1.12;\n  font-weight: 600;\n  font-family: 'Poppins', sans-serif;\n  color: #18324B;\n}\n\n.hdmf-closing-intro {\n  margin: 0 0 52px 0;\n  max-width: 780px;\n  font-size: 18px;\n  line-height: 1.8;\n  color: #556474;\n}\n\n.hdmf-closing-list {\n  margin: 0;\n  padding: 0;\n  list-style: none;\n  max-width: 900px;\n}\n\n.hdmf-closing-list li {\n  display: flex;\n  align-items: flex-start;\n  gap: 18px;\n  padding: 22px 0;\n  border-top: 1px solid rgba(24, 50, 75, 0.10);\n}\n\n.hdmf-closing-list li:last-child {\n  border-bottom: 1px solid rgba(24, 50, 75, 0.10);\n}\n\n.hdmf-closing-marker {\n  flex: 0 0 34px;\n  height: 1px;\n  margin-top: 16px;\n  background: #2E5E88;\n  opacity: 0.9;\n}\n\n.hdmf-closing-list-text {\n  font-size: 21px;\n  line-height: 1.5;\n  font-weight: 500;\n  color: #1E4468;\n}\n\n.hdmf-closing-cta {\n  margin-top: 56px;\n  padding-top: 28px;\n  border-top: 1px solid rgba(24, 50, 75, 0.10);\n  max-width: 760px;\n}\n\n.hdmf-closing-cta-title {\n  margin: 0 0 10px 0;\n  font-size: 24px;\n  line-height: 1.3;\n  font-weight: 600;\n  color: #18324B;\n}\n\n.hdmf-closing-cta-text {\n  margin: 0 0 20px 0;\n  font-size: 16px;\n  line-height: 1.8;\n  color: #556474;\n}\n\n.hdmf-closing-cta-link {\n  display: inline-flex;\n  align-items: center;\n  gap: 10px;\n  color: #2E5E88;\n  font-size: 15px;\n  line-height: 1.2;\n  font-weight: 600;\n  text-decoration: none;\n  transition: opacity 0.2s ease, transform 0.2s ease;\n}\n\n.hdmf-closing-cta-link:hover {\n  opacity: 0.82;\n  transform: translateX(2px);\n}\n\n.hdmf-closing-cta-link span {\n  display: inline-block;\n  transform: translateY(-1px);\n}\n\n@media (max-width: 900px) {\n  .hdmf-closing-section {\n    padding: 84px 20px 90px;\n  }\n\n  .hdmf-closing-title {\n    font-size: 36px;\n  }\n\n  .hdmf-closing-list-text {\n    font-size: 19px;\n  }\n}\n\n@media (max-width: 640px) {\n  .hdmf-closing-title {\n    font-size: 30px;\n  }\n\n  .hdmf-closing-intro {\n    font-size: 17px;\n    margin-bottom: 40px;\n  }\n\n  .hdmf-closing-list li {\n    gap: 14px;\n    padding: 18px 0;\n  }\n\n  .hdmf-closing-marker {\n    flex-basis: 24px;\n    margin-top: 14px;\n  }\n\n  .hdmf-closing-list-text {\n    font-size: 17px;\n    line-height: 1.55;\n  }\n\n  .hdmf-closing-cta {\n    margin-top: 44px;\n  }\n\n  .hdmf-closing-cta-title {\n    font-size: 22px;\n  }\n}\n<\/style>\n\n<section class=\"hdmf-closing-section\">\n  <div class=\"hdmf-closing-wrap\">\n    <div class=\"hdmf-closing-eyebrow\">Contextes de d\u00e9cision<\/div>\n\n    <h2 class=\"hdmf-closing-title\">L\u00e0 o\u00f9 la clart\u00e9 technique est essentielle<\/h2>\n\n    <p class=\"hdmf-closing-intro\">\n      Appliqu\u00e9e l\u00e0 o\u00f9 les d\u00e9cisions li\u00e9es \u00e0 l\u2019eau doivent reposer sur une base technique solide, une interpr\u00e9tation claire et une compr\u00e9hension concr\u00e8te des r\u00e9alit\u00e9s du projet.\n    <\/p>\n\n    <ul class=\"hdmf-closing-list\">\n      <li>\n        <span class=\"hdmf-closing-marker\" aria-hidden=\"true\"><\/span>\n        <div class=\"hdmf-closing-list-text\">Des choix de conception aux cons\u00e9quences op\u00e9rationnelles \u00e0 long terme<\/div>\n      <\/li>\n      <li>\n        <span class=\"hdmf-closing-marker\" aria-hidden=\"true\"><\/span>\n        <div class=\"hdmf-closing-list-text\">Des \u00e9valuations hydrauliques et d\u2019inondation qui \u00e9clairent les d\u00e9cisions en mati\u00e8re de risque<\/div>\n      <\/li>\n      <li>\n        <span class=\"hdmf-closing-marker\" aria-hidden=\"true\"><\/span>\n        <div class=\"hdmf-closing-list-text\">Des questions de s\u00e9dimentologie et de dragage aux implications strat\u00e9giques<\/div>\n      <\/li>\n      <li>\n        <span class=\"hdmf-closing-marker\" aria-hidden=\"true\"><\/span>\n        <div class=\"hdmf-closing-list-text\">La conformit\u00e9 environnementale lorsque les m\u00e9canismes de dispersion doivent \u00eatre compris<\/div>\n      <\/li>\n      <li>\n        <span class=\"hdmf-closing-marker\" aria-hidden=\"true\"><\/span>\n        <div class=\"hdmf-closing-list-text\">Des sollicitations marines et hydrauliques pour lesquelles la r\u00e9ponse des structures est d\u00e9terminante<\/div>\n      <\/li>\n    <\/ul>\n\n    <div class=\"hdmf-closing-cta\">\n      <h3 class=\"hdmf-closing-cta-title\">Discuter de votre projet<\/h3>\n      <p class=\"hdmf-closing-cta-text\">\n        Nous accompagnons des \u00e9tudes \u00e0 forte exigence technique dans les domaines marins, fluviaux et environnementaux.\n      <\/p>\n      <a class=\"hdmf-closing-cta-link\" href=\"\/fr\/contact\/\">\n        Contactez-nous <span>\u2192<\/span>\n      <\/a>\n    <\/div>\n  <\/div>\n<\/section>\n\n\n\n<div class=\"wp-block-uagb-separator uagb-block-e86cdeda\"><div class=\"uagb-separator-spacing-wrapper\"><div class=\"wp-block-uagb-separator__inner\" style=\"--my-background-image:\"><\/div><\/div><\/div>","protected":false},"excerpt":{"rendered":"<p>We provide advanced engineering and scientific expertise for projects where technical reliability, clear judgment and disciplined delivery are essential. HDMF-EC supports clients facing complex water-related challenges with a professional, precise and decision-oriented approach. How we work We work with rigor, clarity and a constant focus on practical value.Our approach is grounded in robust methods, careful [&hellip;]<\/p>\n","protected":false},"author":1,"featured_media":0,"parent":0,"menu_order":0,"comment_status":"closed","ping_status":"closed","template":"","meta":{"_uag_custom_page_level_css":"","site-sidebar-layout":"no-sidebar","site-content-layout":"page-builder","ast-site-content-layout":"full-width-container","site-content-style":"unboxed","site-sidebar-style":"unboxed","ast-global-header-display":"","ast-banner-title-visibility":"","ast-main-header-display":"","ast-hfb-above-header-display":"","ast-hfb-below-header-display":"","ast-hfb-mobile-header-display":"","site-post-title":"disabled","ast-breadcrumbs-content":"","ast-featured-img":"disabled","footer-sml-layout":"","ast-disable-related-posts":"","theme-transparent-header-meta":"enabled","adv-header-id-meta":"","stick-header-meta":"","header-above-stick-meta":"","header-main-stick-meta":"","header-below-stick-meta":"","astra-migrate-meta-layouts":"set","ast-page-background-enabled":"default","ast-page-background-meta":{"desktop":{"background-color":"","background-image":"","background-repeat":"repeat","background-position":"center center","background-size":"auto","background-attachment":"scroll","background-type":"","background-media":"","overlay-type":"","overlay-color":"","overlay-opacity":"","overlay-gradient":""},"tablet":{"background-color":"","background-image":"","background-repeat":"repeat","background-position":"center center","background-size":"auto","background-attachment":"scroll","background-type":"","background-media":"","overlay-type":"","overlay-color":"","overlay-opacity":"","overlay-gradient":""},"mobile":{"background-color":"","background-image":"","background-repeat":"repeat","background-position":"center center","background-size":"auto","background-attachment":"scroll","background-type":"","background-media":"","overlay-type":"","overlay-color":"","overlay-opacity":"","overlay-gradient":""}},"ast-content-background-meta":{"desktop":{"background-color":"var(--ast-global-color-5)","background-image":"","background-repeat":"repeat","background-position":"center center","background-size":"auto","background-attachment":"scroll","background-type":"","background-media":"","overlay-type":"","overlay-color":"","overlay-opacity":"","overlay-gradient":""},"tablet":{"background-color":"var(--ast-global-color-5)","background-image":"","background-repeat":"repeat","background-position":"center center","background-size":"auto","background-attachment":"scroll","background-type":"","background-media":"","overlay-type":"","overlay-color":"","overlay-opacity":"","overlay-gradient":""},"mobile":{"background-color":"var(--ast-global-color-5)","background-image":"","background-repeat":"repeat","background-position":"center center","background-size":"auto","background-attachment":"scroll","background-type":"","background-media":"","overlay-type":"","overlay-color":"","overlay-opacity":"","overlay-gradient":""}},"footnotes":""},"class_list":["post-1816","page","type-page","status-publish","hentry"],"aioseo_notices":[],"_hostinger_reach_plugin_has_subscription_block":false,"_hostinger_reach_plugin_is_elementor":false,"uagb_featured_image_src":{"full":false,"thumbnail":false,"medium":false,"medium_large":false,"large":false,"1536x1536":false,"2048x2048":false,"trp-custom-language-flag":false},"uagb_author_info":{"display_name":"vandalinic.vl@gmail.com","author_link":"https:\/\/hdmf-consulting.com\/fr\/author\/vandalinic-vlgmail-com\/"},"uagb_comment_info":0,"uagb_excerpt":"We provide advanced engineering and scientific expertise for projects where technical reliability, clear judgment and disciplined delivery are essential. HDMF-EC supports clients facing complex water-related challenges with a professional, precise and decision-oriented approach. How we work We work with rigor, clarity and a constant focus on practical value.Our approach is grounded in robust methods, careful\u2026","_links":{"self":[{"href":"https:\/\/hdmf-consulting.com\/fr\/wp-json\/wp\/v2\/pages\/1816","targetHints":{"allow":["GET"]}}],"collection":[{"href":"https:\/\/hdmf-consulting.com\/fr\/wp-json\/wp\/v2\/pages"}],"about":[{"href":"https:\/\/hdmf-consulting.com\/fr\/wp-json\/wp\/v2\/types\/page"}],"author":[{"embeddable":true,"href":"https:\/\/hdmf-consulting.com\/fr\/wp-json\/wp\/v2\/users\/1"}],"replies":[{"embeddable":true,"href":"https:\/\/hdmf-consulting.com\/fr\/wp-json\/wp\/v2\/comments?post=1816"}],"version-history":[{"count":176,"href":"https:\/\/hdmf-consulting.com\/fr\/wp-json\/wp\/v2\/pages\/1816\/revisions"}],"predecessor-version":[{"id":5180,"href":"https:\/\/hdmf-consulting.com\/fr\/wp-json\/wp\/v2\/pages\/1816\/revisions\/5180"}],"wp:attachment":[{"href":"https:\/\/hdmf-consulting.com\/fr\/wp-json\/wp\/v2\/media?parent=1816"}],"curies":[{"name":"wp","href":"https:\/\/api.w.org\/{rel}","templated":true}]}}