{"id":3992,"date":"2026-01-07T13:07:26","date_gmt":"2026-01-07T13:07:26","guid":{"rendered":"https:\/\/hdmf-consulting.com\/?page_id=3992"},"modified":"2026-03-08T01:10:20","modified_gmt":"2026-03-08T01:10:20","slug":"cfd-and-advanced-numerical-modeling","status":"publish","type":"page","link":"https:\/\/hdmf-consulting.com\/fr\/cfd-and-advanced-numerical-modeling\/","title":{"rendered":"CFD et mod\u00e9lisation num\u00e9rique avanc\u00e9e"},"content":{"rendered":"<div class=\"wp-block-uagb-advanced-heading uagb-block-af875b00\"><div class=\"uagb-heading-text\">la m\u00e9canique des fluides num\u00e9rique (CFD) et la mod\u00e9lisation num\u00e9rique avanc\u00e9e sont utilis\u00e9es pour analyser des processus d\u2019\u00e9coulement complexes qui ne peuvent \u00eatre d\u00e9crits de mani\u00e8re ad\u00e9quate par des approches simplifi\u00e9es ou moyenn\u00e9es sur la profondeur. Des simulations haute r\u00e9solution permettent d\u2019obtenir une compr\u00e9hension d\u00e9taill\u00e9e du comportement des \u00e9coulements, des structures turbulentes et des interactions entre multiples processus physiques dans les environnements marins, c\u00f4tiers et hydrauliques.<br>les analyses num\u00e9riques sont mises en \u0153uvre pour appuyer la conception d\u2019ing\u00e9nierie, les \u00e9valuations environnementales et les activit\u00e9s de recherche lorsque la repr\u00e9sentation fid\u00e8le des ph\u00e9nom\u00e8nes d\u2019\u00e9coulement est essentielle. La mod\u00e9lisation est r\u00e9alis\u00e9e \u00e0 l\u2019aide de cadres num\u00e9riques valid\u00e9s, avec une attention particuli\u00e8re port\u00e9e \u00e0 la mise en place des mod\u00e8les, \u00e0 leur calibration et \u00e0 l\u2019interpr\u00e9tation des r\u00e9sultats.<br><\/div><\/div>\n\n\n\n<div class=\"wp-block-uagb-container uagb-block-bacf592a alignfull uagb-is-root-container\"><div class=\"uagb-container-inner-blocks-wrap\">\n<div class=\"wp-block-columns is-layout-flex wp-container-core-columns-is-layout-28f84493 wp-block-columns-is-layout-flex\">\n<div class=\"wp-block-column is-layout-flow wp-block-column-is-layout-flow\">\n<figure class=\"wp-block-image size-full\"><img loading=\"lazy\" decoding=\"async\" width=\"945\" height=\"474\" src=\"https:\/\/hdmf-consulting.com\/wp-content\/uploads\/2026\/02\/image-1.png\" alt=\"\" class=\"wp-image-4437\" style=\"aspect-ratio:4\/3;object-fit:cover\" srcset=\"https:\/\/hdmf-consulting.com\/wp-content\/uploads\/2026\/02\/image-1.png 945w, https:\/\/hdmf-consulting.com\/wp-content\/uploads\/2026\/02\/image-1-300x150.png 300w, https:\/\/hdmf-consulting.com\/wp-content\/uploads\/2026\/02\/image-1-768x385.png 768w\" sizes=\"auto, (max-width: 945px) 100vw, 945px\" \/><\/figure>\n<\/div>\n\n\n\n<div class=\"wp-block-column is-layout-flow wp-block-column-is-layout-flow\" style=\"padding-top:var(--wp--preset--spacing--30);padding-bottom:var(--wp--preset--spacing--30)\">\n<div class=\"wp-block-uagb-advanced-heading uagb-block-de17a0f0\"><div class=\"uagb-heading-text\"><strong>Simulations CFD haute r\u00e9solution<br><\/strong><\/div><\/div>\n\n\n\n<div class=\"wp-block-uagb-advanced-heading uagb-block-f98375e2\"><div class=\"uagb-heading-text\">des simulations CFD haute r\u00e9solution sont mises en \u0153uvre afin de r\u00e9soudre les structures d\u2019\u00e9coulement tridimensionnelles et la variabilit\u00e9 spatiale au sein de g\u00e9om\u00e9tries complexes. Les analyses permettent de caract\u00e9riser en d\u00e9tail les champs de vitesse, les distributions de pression et les ph\u00e9nom\u00e8nes de d\u00e9collement, essentiels \u00e0 la compr\u00e9hension du comportement des syst\u00e8mes aux \u00e9chelles locale et globale.<br>les applications incluent l\u2019analyse des sch\u00e9mas d\u2019\u00e9coulement autour des ouvrages hydrauliques et marins, des processus de m\u00e9lange en champ proche et des interactions \u00e9coulement\u2013paroi, sous un large \u00e9ventail de conditions d\u2019exploitation et extr\u00eames.<br><\/div><\/div>\n<\/div>\n<\/div>\n\n\n\n<div style=\"height:100px\" aria-hidden=\"true\" class=\"wp-block-spacer\"><\/div>\n<\/div><\/div>\n\n\n\n<div class=\"wp-block-uagb-container uagb-block-66c0fe49 alignfull uagb-is-root-container\"><div class=\"uagb-container-inner-blocks-wrap\">\n<div class=\"wp-block-columns is-layout-flex wp-container-core-columns-is-layout-28f84493 wp-block-columns-is-layout-flex\">\n<div class=\"wp-block-column is-layout-flow wp-block-column-is-layout-flow\" style=\"padding-top:var(--wp--preset--spacing--30);padding-bottom:var(--wp--preset--spacing--30)\">\n<div class=\"wp-block-uagb-advanced-heading uagb-block-fd654ce2\"><div class=\"uagb-heading-text\"><strong>Mod\u00e9lisation de la turbulence et des \u00e9coulements<br><br><\/strong><\/div><\/div>\n\n\n\n<div class=\"wp-block-uagb-advanced-heading uagb-block-5763e2ec\"><div class=\"uagb-heading-text\">la mod\u00e9lisation avanc\u00e9e de la turbulence est utilis\u00e9e afin de repr\u00e9senter la variabilit\u00e9 des \u00e9coulements sur une large gamme d\u2019\u00e9chelles spatiales et temporelles. Les approches num\u00e9riques sont s\u00e9lectionn\u00e9es en fonction du r\u00e9gime d\u2019\u00e9coulement dominant et des objectifs de l\u2019\u00e9tude, permettant de r\u00e9soudre les structures transitoires de l\u2019\u00e9coulement et les m\u00e9canismes de dissipation de l\u2019\u00e9nergie.<br>la mod\u00e9lisation de la turbulence permet d\u2019appuyer l\u2019\u00e9valuation des charges hydrodynamiques, de l\u2019efficacit\u00e9 du m\u00e9lange et des forces induites par l\u2019\u00e9coulement, en fournissant des \u00e9l\u00e9ments robustes pour la conception et l\u2019\u00e9valuation des performances des ouvrages.<br><\/div><\/div>\n<\/div>\n\n\n\n<div class=\"wp-block-column is-layout-flow wp-block-column-is-layout-flow\">\n<figure class=\"wp-block-image size-full\"><img loading=\"lazy\" decoding=\"async\" width=\"945\" height=\"577\" src=\"https:\/\/hdmf-consulting.com\/wp-content\/uploads\/2026\/02\/image-2.png\" alt=\"\" class=\"wp-image-4438\" srcset=\"https:\/\/hdmf-consulting.com\/wp-content\/uploads\/2026\/02\/image-2.png 945w, https:\/\/hdmf-consulting.com\/wp-content\/uploads\/2026\/02\/image-2-300x183.png 300w, https:\/\/hdmf-consulting.com\/wp-content\/uploads\/2026\/02\/image-2-768x469.png 768w\" sizes=\"auto, (max-width: 945px) 100vw, 945px\" \/><\/figure>\n\n\n\n<figure class=\"wp-block-image size-full\"><img loading=\"lazy\" decoding=\"async\" width=\"945\" height=\"465\" src=\"https:\/\/hdmf-consulting.com\/wp-content\/uploads\/2026\/02\/image-3.png\" alt=\"\" class=\"wp-image-4439\" srcset=\"https:\/\/hdmf-consulting.com\/wp-content\/uploads\/2026\/02\/image-3.png 945w, https:\/\/hdmf-consulting.com\/wp-content\/uploads\/2026\/02\/image-3-300x148.png 300w, https:\/\/hdmf-consulting.com\/wp-content\/uploads\/2026\/02\/image-3-768x378.png 768w\" sizes=\"auto, (max-width: 945px) 100vw, 945px\" \/><\/figure>\n\n\n\n<figure class=\"wp-block-image size-full\"><img loading=\"lazy\" decoding=\"async\" width=\"945\" height=\"476\" src=\"https:\/\/hdmf-consulting.com\/wp-content\/uploads\/2026\/02\/image-4.png\" alt=\"\" class=\"wp-image-4441\" srcset=\"https:\/\/hdmf-consulting.com\/wp-content\/uploads\/2026\/02\/image-4.png 945w, https:\/\/hdmf-consulting.com\/wp-content\/uploads\/2026\/02\/image-4-300x151.png 300w, https:\/\/hdmf-consulting.com\/wp-content\/uploads\/2026\/02\/image-4-768x387.png 768w\" sizes=\"auto, (max-width: 945px) 100vw, 945px\" \/><\/figure>\n<\/div>\n<\/div>\n<\/div><\/div>","protected":false},"excerpt":{"rendered":"<p>Computational Fluid Dynamics (CFD) and advanced numerical modelling are used to investigate complex flow processes that cannot be adequately described using simplified or depth-averaged approaches. High-resolution simulations provide detailed insight into flow behaviour, turbulence structures and interactions between multiple physical processes across marine, coastal and hydraulic environments.Numerical analyses are applied to support engineering design, environmental [&hellip;]<\/p>\n","protected":false},"author":1,"featured_media":0,"parent":0,"menu_order":0,"comment_status":"closed","ping_status":"closed","template":"","meta":{"_uag_custom_page_level_css":"","site-sidebar-layout":"default","site-content-layout":"","ast-site-content-layout":"default","site-content-style":"unboxed","site-sidebar-style":"unboxed","ast-global-header-display":"","ast-banner-title-visibility":"","ast-main-header-display":"","ast-hfb-above-header-display":"","ast-hfb-below-header-display":"","ast-hfb-mobile-header-display":"","site-post-title":"","ast-breadcrumbs-content":"","ast-featured-img":"","footer-sml-layout":"","ast-disable-related-posts":"","theme-transparent-header-meta":"","adv-header-id-meta":"","stick-header-meta":"","header-above-stick-meta":"","header-main-stick-meta":"","header-below-stick-meta":"","astra-migrate-meta-layouts":"set","ast-page-background-enabled":"default","ast-page-background-meta":{"desktop":{"background-color":"","background-image":"","background-repeat":"repeat","background-position":"center center","background-size":"auto","background-attachment":"scroll","background-type":"","background-media":"","overlay-type":"","overlay-color":"","overlay-opacity":"","overlay-gradient":""},"tablet":{"background-color":"","background-image":"","background-repeat":"repeat","background-position":"center center","background-size":"auto","background-attachment":"scroll","background-type":"","background-media":"","overlay-type":"","overlay-color":"","overlay-opacity":"","overlay-gradient":""},"mobile":{"background-color":"","background-image":"","background-repeat":"repeat","background-position":"center center","background-size":"auto","background-attachment":"scroll","background-type":"","background-media":"","overlay-type":"","overlay-color":"","overlay-opacity":"","overlay-gradient":""}},"ast-content-background-meta":{"desktop":{"background-color":"var(--ast-global-color-5)","background-image":"","background-repeat":"repeat","background-position":"center center","background-size":"auto","background-attachment":"scroll","background-type":"","background-media":"","overlay-type":"","overlay-color":"","overlay-opacity":"","overlay-gradient":""},"tablet":{"background-color":"var(--ast-global-color-5)","background-image":"","background-repeat":"repeat","background-position":"center center","background-size":"auto","background-attachment":"scroll","background-type":"","background-media":"","overlay-type":"","overlay-color":"","overlay-opacity":"","overlay-gradient":""},"mobile":{"background-color":"var(--ast-global-color-5)","background-image":"","background-repeat":"repeat","background-position":"center center","background-size":"auto","background-attachment":"scroll","background-type":"","background-media":"","overlay-type":"","overlay-color":"","overlay-opacity":"","overlay-gradient":""}},"footnotes":""},"class_list":["post-3992","page","type-page","status-publish","hentry"],"aioseo_notices":[],"_hostinger_reach_plugin_has_subscription_block":false,"_hostinger_reach_plugin_is_elementor":false,"uagb_featured_image_src":{"full":false,"thumbnail":false,"medium":false,"medium_large":false,"large":false,"1536x1536":false,"2048x2048":false,"trp-custom-language-flag":false},"uagb_author_info":{"display_name":"vandalinic.vl@gmail.com","author_link":"https:\/\/hdmf-consulting.com\/fr\/author\/vandalinic-vlgmail-com\/"},"uagb_comment_info":0,"uagb_excerpt":"Computational Fluid Dynamics (CFD) and advanced numerical modelling are used to investigate complex flow processes that cannot be adequately described using simplified or depth-averaged approaches. High-resolution simulations provide detailed insight into flow behaviour, turbulence structures and interactions between multiple physical processes across marine, coastal and hydraulic environments.Numerical analyses are applied to support engineering design, environmental\u2026","_links":{"self":[{"href":"https:\/\/hdmf-consulting.com\/fr\/wp-json\/wp\/v2\/pages\/3992","targetHints":{"allow":["GET"]}}],"collection":[{"href":"https:\/\/hdmf-consulting.com\/fr\/wp-json\/wp\/v2\/pages"}],"about":[{"href":"https:\/\/hdmf-consulting.com\/fr\/wp-json\/wp\/v2\/types\/page"}],"author":[{"embeddable":true,"href":"https:\/\/hdmf-consulting.com\/fr\/wp-json\/wp\/v2\/users\/1"}],"replies":[{"embeddable":true,"href":"https:\/\/hdmf-consulting.com\/fr\/wp-json\/wp\/v2\/comments?post=3992"}],"version-history":[{"count":12,"href":"https:\/\/hdmf-consulting.com\/fr\/wp-json\/wp\/v2\/pages\/3992\/revisions"}],"predecessor-version":[{"id":4557,"href":"https:\/\/hdmf-consulting.com\/fr\/wp-json\/wp\/v2\/pages\/3992\/revisions\/4557"}],"wp:attachment":[{"href":"https:\/\/hdmf-consulting.com\/fr\/wp-json\/wp\/v2\/media?parent=3992"}],"curies":[{"name":"wp","href":"https:\/\/api.w.org\/{rel}","templated":true}]}}